{"id":3958,"date":"2026-02-25T08:25:39","date_gmt":"2026-02-25T07:25:39","guid":{"rendered":"https:\/\/iph-multisite.berta-bewegt.ch\/?page_id=3958"},"modified":"2026-02-25T08:25:39","modified_gmt":"2026-02-25T07:25:39","slug":"recruter-les-meilleurs-professionnels","status":"publish","type":"page","link":"https:\/\/interpharma.ch\/fr\/themen\/un-cadre-solide-en-matiere-de-politique-economique\/recruter-les-meilleurs-professionnels\/","title":{"rendered":"Recruter les meilleurs professionnels"},"content":{"rendered":"\n<p><strong>L\u2019innovation d\u00e9pend largement de la qualification de l\u2019ensemble du personnel. Le syst\u00e8me \u00e9ducatif suisse doit s\u2019adapter au fait que de nouvelles comp\u00e9tences sont requises.<\/strong><\/p>\n\n\n\n<p>L\u2019industrie pharmaceutique emploie une tr\u00e8s forte proportion de professionnel-le-s hautement qualifi\u00e9-e-s. Pour autant, la capacit\u00e9 d\u2019innovation ne d\u00e9pend pas uniquement de l\u2019excellence scientifique des chercheurs et chercheuses de pointe: elle est \u00e9galement d\u00e9termin\u00e9e pour une grande part par le niveau de qualification de l\u2019ensemble du personnel. Notamment gr\u00e2ce \u00e0 son syst\u00e8me de formation professionnelle dual, la Suisse occupe une bonne position en comparaison internationale pour ce qui est de la qualit\u00e9 de sa formation. Un potentiel d\u2019am\u00e9lioration subsiste toutefois car les mutations technologiques en cours s\u2019accompagnent \u00e9galement de d\u00e9fis quant aux n\u00e9cessit\u00e9s d\u2019\u00e9volution des profils professionnels. La transformation num\u00e9rique entra\u00eene de profondes mutations en mati\u00e8re de comp\u00e9tences requises. Dans ce contexte, il est essentiel que notre syst\u00e8me de scolarit\u00e9 obligatoire favorise davantage l\u2019acquisition de comp\u00e9tences num\u00e9riques et d\u2019aptitudes interpersonnelles. Le syst\u00e8me de formation dual de la Suisse constitue certes un pr\u00e9cieux atout, mais il est aujourd\u2019hui mis \u00e0 l\u2019\u00e9preuve par l\u2019incroyable vitesse \u00e0 laquelle avance la r\u00e9volution num\u00e9rique. La flexibilisation et la modularisation de la formation professionnelle deviennent une n\u00e9cessit\u00e9. Compte tenu du temps requis pour la mise en place de nouvelles fili\u00e8res de formation professionnelle, il appara\u00eet \u00e9galement indispensable d\u2019instaurer une d\u00e9marche de planification pr\u00e9coce et \u00e9volutive. Les universit\u00e9s et hautes \u00e9coles sp\u00e9cialis\u00e9es suisses sont elles aussi bien positionn\u00e9es et s\u2019imposent r\u00e9guli\u00e8rement en t\u00eate des classements internationaux. Les interconnexions et coop\u00e9rations internationales constituent un enjeu central pour la qualit\u00e9 de la recherche universitaire. Il est d\u00e8s lors essentiel de veiller \u00e0 ce que l\u2019int\u00e9gration des universit\u00e9s suisses dans le paysage de la recherche europ\u00e9enne reste \u00e9galement garantie \u00e0 l\u2019avenir, par exemple par la participation aux programmes de recherche europ\u00e9ens. Dans le m\u00eame temps, leur sp\u00e9cialisation doit \u00e9galement \u00eatre renforc\u00e9e afin de leur permettre de continuer \u00e0 s\u2019imposer face \u00e0 la concurrence internationale.<\/p>\n\n\n\n<h2 class=\"wp-block-heading\" id=\"h-formation-recherche-et-innovation-fri\"><strong>Formation, recherche et innovation (FRI)<\/strong><\/h2>\n\n\n\n<p>Le domaine politique \u00abFormation, recherche et innovation\u00bb (FRI) contribue de mani\u00e8re d\u00e9terminante au bien-\u00eatre de l\u2019individu, de la soci\u00e9t\u00e9 et de l\u2019\u00e9conomie suisse et se voit par cons\u00e9quent accorder une haute priorit\u00e9. Le syst\u00e8me de FRI suisse est \u00e9galement largement reconnu \u00e0 l\u2019\u00e9tranger. Le Conseil f\u00e9d\u00e9ral soumet aux Chambres f\u00e9d\u00e9rales tous les quatre ans un message relatif \u00e0 l\u2019encouragement de la formation, de la recherche et de l\u2019innovation. Il y dresse le bilan de la p\u00e9riode en cours et fixe les objectifs et les mesures pour la nouvelle p\u00e9riode.<\/p>\n\n\n\n<p>Le message FRI 2025-2028 reconna\u00eet les d\u00e9fis qui d\u00e9coulent de la transformation du march\u00e9 du travail et de la soci\u00e9t\u00e9 ainsi que du d\u00e9veloppement technologique. Dans son effort visant \u00e0 r\u00e9duire la p\u00e9nurie de personnel qualifi\u00e9, la Conf\u00e9d\u00e9ration porte une attention particuli\u00e8re aux domaines de la m\u00e9decine et de la sant\u00e9 ainsi qu\u2019aux disciplines MINT. Pour l\u2019industrie, il est important de contr\u00f4ler continuellement les plans de formation \u00e0 l\u2019aune de leur pertinence pour le march\u00e9 du travail. Les entreprises pharmaceutiques pratiquant la recherche contribuent quant \u00e0 elles \u00e0 ce que la formation des jeunes, par exemple dans le domaine de la production, leur enseigne \u00e9galement l\u2019emploi des technologies les plus modernes.&nbsp;<\/p>\n\n\n\n<p>La coop\u00e9ration entre les pouvoirs publics et l\u2019\u00e9conomie priv\u00e9e (PPP) rev\u00eat une grande importance pour le syst\u00e8me de FRI. Par exemple, la formation professionnelle duale repose largement sur la disposition des entreprises \u00e0 assurer la formation et \u00e0 participer au financement. D\u2019autres applications de PPP existent dans le domaine des hautes \u00e9coles et de la recherche ainsi que dans l\u2019encouragement de la rel\u00e8ve scientifique.<\/p>\n\n\n\n<h2 class=\"wp-block-heading\" id=\"h-libre-circulation-des-personnes-et-acces-a-la-main-d-oeuvre-de-pays-tiers\"><strong>Libre circulation des personnes et acc\u00e8s \u00e0 la main-d\u2019\u0153uvre de pays tiers<\/strong><\/h2>\n\n\n\n<p>Si la flexibilit\u00e9 de son march\u00e9 du travail constitue un ind\u00e9niable point fort de la Suisse, il n\u2019en va pas de m\u00eame pour son acc\u00e8s \u00e0 la main-d\u2019\u0153uvre sp\u00e9cialis\u00e9e et hautement qualifi\u00e9e disponible \u00e0 l\u2019\u00e9tranger. Des \u00e9l\u00e9ments essentiels sont par cons\u00e9quent, outre l\u2019exploitation du potentiel du march\u00e9 du travail autochtone, la libre circulation des personnes avec l\u2019UE et l\u2019acc\u00e8s \u00e0 la main-d\u2019\u0153uvre de pays tiers.<\/p>\n","protected":false},"excerpt":{"rendered":"<p>L\u2019innovation d\u00e9pend largement de la qualification de l\u2019ensemble du personnel. Le syst\u00e8me \u00e9ducatif suisse doit s\u2019adapter au fait que de nouvelles comp\u00e9tences sont requises. L\u2019industrie pharmaceutique emploie une tr\u00e8s forte proportion de professionnel-le-s hautement qualifi\u00e9-e-s. Pour autant, la capacit\u00e9 d\u2019innovation ne d\u00e9pend pas uniquement de l\u2019excellence scientifique des chercheurs et chercheuses de pointe: elle est [&hellip;]<\/p>\n","protected":false},"author":1,"featured_media":14794,"parent":4292,"menu_order":2,"comment_status":"closed","ping_status":"closed","template":"page-templates\/unterthema.php","meta":{"_acf_changed":false,"inline_featured_image":false,"footnotes":""},"class_list":["post-3958","page","type-page","status-publish","has-post-thumbnail","hentry"],"acf":[],"yoast_head":"<!-- This site is optimized with the Yoast SEO Premium plugin v27.2 (Yoast SEO v27.2) - https:\/\/yoast.com\/product\/yoast-seo-premium-wordpress\/ -->\n<title>Recruter les meilleurs professionnels - Interpharma<\/title>\n<meta name=\"robots\" content=\"index, follow, max-snippet:-1, max-image-preview:large, max-video-preview:-1\" \/>\n<link rel=\"canonical\" href=\"https:\/\/interpharma.ch\/fr\/themen\/un-cadre-solide-en-matiere-de-politique-economique\/recruter-les-meilleurs-professionnels\/\" \/>\n<meta property=\"og:locale\" content=\"fr_FR\" \/>\n<meta property=\"og:type\" content=\"article\" \/>\n<meta property=\"og:title\" content=\"Recruter les meilleurs professionnels\" \/>\n<meta property=\"og:description\" content=\"L\u2019innovation d\u00e9pend largement de la qualification de l\u2019ensemble du personnel. Le syst\u00e8me \u00e9ducatif suisse doit s\u2019adapter au fait que de nouvelles comp\u00e9tences sont requises. L\u2019industrie pharmaceutique emploie une tr\u00e8s forte proportion de professionnel-le-s hautement qualifi\u00e9-e-s. Pour autant, la capacit\u00e9 d\u2019innovation ne d\u00e9pend pas uniquement de l\u2019excellence scientifique des chercheurs et chercheuses de pointe: elle est [&hellip;]\" \/>\n<meta property=\"og:url\" content=\"https:\/\/interpharma.ch\/fr\/themen\/un-cadre-solide-en-matiere-de-politique-economique\/recruter-les-meilleurs-professionnels\/\" \/>\n<meta property=\"og:site_name\" content=\"Interpharma\" \/>\n<meta name=\"twitter:card\" content=\"summary_large_image\" \/>\n<meta name=\"twitter:site\" content=\"@interpharma_ch\" \/>\n<meta name=\"twitter:label1\" content=\"Dur\u00e9e de lecture estim\u00e9e\" \/>\n\t<meta name=\"twitter:data1\" content=\"4 minutes\" \/>\n<script type=\"application\/ld+json\" class=\"yoast-schema-graph\">{\"@context\":\"https:\/\/schema.org\",\"@graph\":[{\"@type\":\"WebPage\",\"@id\":\"https:\/\/interpharma.ch\/fr\/themen\/un-cadre-solide-en-matiere-de-politique-economique\/recruter-les-meilleurs-professionnels\/\",\"url\":\"https:\/\/interpharma.ch\/fr\/themen\/un-cadre-solide-en-matiere-de-politique-economique\/recruter-les-meilleurs-professionnels\/\",\"name\":\"Recruter les meilleurs professionnels - Interpharma\",\"isPartOf\":{\"@id\":\"https:\/\/interpharma.ch\/#website\"},\"primaryImageOfPage\":{\"@id\":\"https:\/\/interpharma.ch\/fr\/themen\/un-cadre-solide-en-matiere-de-politique-economique\/recruter-les-meilleurs-professionnels\/#primaryimage\"},\"image\":{\"@id\":\"https:\/\/interpharma.ch\/fr\/themen\/un-cadre-solide-en-matiere-de-politique-economique\/recruter-les-meilleurs-professionnels\/#primaryimage\"},\"thumbnailUrl\":\"https:\/\/interpharma.ch\/wp-content\/uploads\/2026\/03\/Interpharma_starkewirtschaftlicheRahmenbedingungen_rektrutierungderbestenkoepfe.jpg\",\"datePublished\":\"2026-02-25T07:25:39+00:00\",\"breadcrumb\":{\"@id\":\"https:\/\/interpharma.ch\/fr\/themen\/un-cadre-solide-en-matiere-de-politique-economique\/recruter-les-meilleurs-professionnels\/#breadcrumb\"},\"inLanguage\":\"fr-FR\",\"potentialAction\":[{\"@type\":\"ReadAction\",\"target\":[\"https:\/\/interpharma.ch\/fr\/themen\/un-cadre-solide-en-matiere-de-politique-economique\/recruter-les-meilleurs-professionnels\/\"]}]},{\"@type\":\"ImageObject\",\"inLanguage\":\"fr-FR\",\"@id\":\"https:\/\/interpharma.ch\/fr\/themen\/un-cadre-solide-en-matiere-de-politique-economique\/recruter-les-meilleurs-professionnels\/#primaryimage\",\"url\":\"https:\/\/interpharma.ch\/wp-content\/uploads\/2026\/03\/Interpharma_starkewirtschaftlicheRahmenbedingungen_rektrutierungderbestenkoepfe.jpg\",\"contentUrl\":\"https:\/\/interpharma.ch\/wp-content\/uploads\/2026\/03\/Interpharma_starkewirtschaftlicheRahmenbedingungen_rektrutierungderbestenkoepfe.jpg\",\"width\":960,\"height\":721},{\"@type\":\"BreadcrumbList\",\"@id\":\"https:\/\/interpharma.ch\/fr\/themen\/un-cadre-solide-en-matiere-de-politique-economique\/recruter-les-meilleurs-professionnels\/#breadcrumb\",\"itemListElement\":[{\"@type\":\"ListItem\",\"position\":1,\"name\":\"Startseite\",\"item\":\"https:\/\/interpharma.ch\/fr\/\"},{\"@type\":\"ListItem\",\"position\":2,\"name\":\"Nos th\u00e8mes\",\"item\":\"https:\/\/interpharma.ch\/fr\/themen\/\"},{\"@type\":\"ListItem\",\"position\":3,\"name\":\"Un cadre solide en mati\u00e8re de politique \u00e9conomique\",\"item\":\"https:\/\/interpharma.ch\/fr\/themen\/un-cadre-solide-en-matiere-de-politique-economique\/\"},{\"@type\":\"ListItem\",\"position\":4,\"name\":\"Recruter les meilleurs professionnels\"}]},{\"@type\":\"WebSite\",\"@id\":\"https:\/\/interpharma.ch\/#website\",\"url\":\"https:\/\/interpharma.ch\/\",\"name\":\"Interpharma\",\"description\":\"Verband der forschenden Pharmazeutischen Firmen\",\"publisher\":{\"@id\":\"https:\/\/interpharma.ch\/#organization\"},\"potentialAction\":[{\"@type\":\"SearchAction\",\"target\":{\"@type\":\"EntryPoint\",\"urlTemplate\":\"https:\/\/interpharma.ch\/?s={search_term_string}\"},\"query-input\":{\"@type\":\"PropertyValueSpecification\",\"valueRequired\":true,\"valueName\":\"search_term_string\"}}],\"inLanguage\":\"fr-FR\"},{\"@type\":\"Organization\",\"@id\":\"https:\/\/interpharma.ch\/#organization\",\"name\":\"Interpharma\",\"url\":\"https:\/\/interpharma.ch\/\",\"logo\":{\"@type\":\"ImageObject\",\"inLanguage\":\"fr-FR\",\"@id\":\"https:\/\/interpharma.ch\/#\/schema\/logo\/image\/\",\"url\":\"https:\/\/interpharma.ch\/wp-content\/uploads\/2026\/03\/20251014_iph_logo_wort_bildmarke_rgb_final_cu01.svg\",\"contentUrl\":\"https:\/\/interpharma.ch\/wp-content\/uploads\/2026\/03\/20251014_iph_logo_wort_bildmarke_rgb_final_cu01.svg\",\"width\":\"1200\",\"height\":\"1200\",\"caption\":\"Interpharma\"},\"image\":{\"@id\":\"https:\/\/interpharma.ch\/#\/schema\/logo\/image\/\"},\"sameAs\":[\"https:\/\/x.com\/interpharma_ch\",\"https:\/\/ch.linkedin.com\/company\/interpharma\",\"https:\/\/www.instagram.com\/interpharma_ch\/\"]}]}<\/script>\n<!-- \/ Yoast SEO Premium plugin. -->","yoast_head_json":{"title":"Recruter les meilleurs professionnels - Interpharma","robots":{"index":"index","follow":"follow","max-snippet":"max-snippet:-1","max-image-preview":"max-image-preview:large","max-video-preview":"max-video-preview:-1"},"canonical":"https:\/\/interpharma.ch\/fr\/themen\/un-cadre-solide-en-matiere-de-politique-economique\/recruter-les-meilleurs-professionnels\/","og_locale":"fr_FR","og_type":"article","og_title":"Recruter les meilleurs professionnels","og_description":"L\u2019innovation d\u00e9pend largement de la qualification de l\u2019ensemble du personnel. Le syst\u00e8me \u00e9ducatif suisse doit s\u2019adapter au fait que de nouvelles comp\u00e9tences sont requises. L\u2019industrie pharmaceutique emploie une tr\u00e8s forte proportion de professionnel-le-s hautement qualifi\u00e9-e-s. Pour autant, la capacit\u00e9 d\u2019innovation ne d\u00e9pend pas uniquement de l\u2019excellence scientifique des chercheurs et chercheuses de pointe: elle est [&hellip;]","og_url":"https:\/\/interpharma.ch\/fr\/themen\/un-cadre-solide-en-matiere-de-politique-economique\/recruter-les-meilleurs-professionnels\/","og_site_name":"Interpharma","twitter_card":"summary_large_image","twitter_site":"@interpharma_ch","twitter_misc":{"Dur\u00e9e de lecture estim\u00e9e":"4 minutes"},"schema":{"@context":"https:\/\/schema.org","@graph":[{"@type":"WebPage","@id":"https:\/\/interpharma.ch\/fr\/themen\/un-cadre-solide-en-matiere-de-politique-economique\/recruter-les-meilleurs-professionnels\/","url":"https:\/\/interpharma.ch\/fr\/themen\/un-cadre-solide-en-matiere-de-politique-economique\/recruter-les-meilleurs-professionnels\/","name":"Recruter les meilleurs professionnels - Interpharma","isPartOf":{"@id":"https:\/\/interpharma.ch\/#website"},"primaryImageOfPage":{"@id":"https:\/\/interpharma.ch\/fr\/themen\/un-cadre-solide-en-matiere-de-politique-economique\/recruter-les-meilleurs-professionnels\/#primaryimage"},"image":{"@id":"https:\/\/interpharma.ch\/fr\/themen\/un-cadre-solide-en-matiere-de-politique-economique\/recruter-les-meilleurs-professionnels\/#primaryimage"},"thumbnailUrl":"https:\/\/interpharma.ch\/wp-content\/uploads\/2026\/03\/Interpharma_starkewirtschaftlicheRahmenbedingungen_rektrutierungderbestenkoepfe.jpg","datePublished":"2026-02-25T07:25:39+00:00","breadcrumb":{"@id":"https:\/\/interpharma.ch\/fr\/themen\/un-cadre-solide-en-matiere-de-politique-economique\/recruter-les-meilleurs-professionnels\/#breadcrumb"},"inLanguage":"fr-FR","potentialAction":[{"@type":"ReadAction","target":["https:\/\/interpharma.ch\/fr\/themen\/un-cadre-solide-en-matiere-de-politique-economique\/recruter-les-meilleurs-professionnels\/"]}]},{"@type":"ImageObject","inLanguage":"fr-FR","@id":"https:\/\/interpharma.ch\/fr\/themen\/un-cadre-solide-en-matiere-de-politique-economique\/recruter-les-meilleurs-professionnels\/#primaryimage","url":"https:\/\/interpharma.ch\/wp-content\/uploads\/2026\/03\/Interpharma_starkewirtschaftlicheRahmenbedingungen_rektrutierungderbestenkoepfe.jpg","contentUrl":"https:\/\/interpharma.ch\/wp-content\/uploads\/2026\/03\/Interpharma_starkewirtschaftlicheRahmenbedingungen_rektrutierungderbestenkoepfe.jpg","width":960,"height":721},{"@type":"BreadcrumbList","@id":"https:\/\/interpharma.ch\/fr\/themen\/un-cadre-solide-en-matiere-de-politique-economique\/recruter-les-meilleurs-professionnels\/#breadcrumb","itemListElement":[{"@type":"ListItem","position":1,"name":"Startseite","item":"https:\/\/interpharma.ch\/fr\/"},{"@type":"ListItem","position":2,"name":"Nos th\u00e8mes","item":"https:\/\/interpharma.ch\/fr\/themen\/"},{"@type":"ListItem","position":3,"name":"Un cadre solide en mati\u00e8re de politique \u00e9conomique","item":"https:\/\/interpharma.ch\/fr\/themen\/un-cadre-solide-en-matiere-de-politique-economique\/"},{"@type":"ListItem","position":4,"name":"Recruter les meilleurs professionnels"}]},{"@type":"WebSite","@id":"https:\/\/interpharma.ch\/#website","url":"https:\/\/interpharma.ch\/","name":"Interpharma","description":"Verband der forschenden Pharmazeutischen Firmen","publisher":{"@id":"https:\/\/interpharma.ch\/#organization"},"potentialAction":[{"@type":"SearchAction","target":{"@type":"EntryPoint","urlTemplate":"https:\/\/interpharma.ch\/?s={search_term_string}"},"query-input":{"@type":"PropertyValueSpecification","valueRequired":true,"valueName":"search_term_string"}}],"inLanguage":"fr-FR"},{"@type":"Organization","@id":"https:\/\/interpharma.ch\/#organization","name":"Interpharma","url":"https:\/\/interpharma.ch\/","logo":{"@type":"ImageObject","inLanguage":"fr-FR","@id":"https:\/\/interpharma.ch\/#\/schema\/logo\/image\/","url":"https:\/\/interpharma.ch\/wp-content\/uploads\/2026\/03\/20251014_iph_logo_wort_bildmarke_rgb_final_cu01.svg","contentUrl":"https:\/\/interpharma.ch\/wp-content\/uploads\/2026\/03\/20251014_iph_logo_wort_bildmarke_rgb_final_cu01.svg","width":"1200","height":"1200","caption":"Interpharma"},"image":{"@id":"https:\/\/interpharma.ch\/#\/schema\/logo\/image\/"},"sameAs":["https:\/\/x.com\/interpharma_ch","https:\/\/ch.linkedin.com\/company\/interpharma","https:\/\/www.instagram.com\/interpharma_ch\/"]}]}},"_links":{"self":[{"href":"https:\/\/interpharma.ch\/fr\/wp-json\/wp\/v2\/pages\/3958","targetHints":{"allow":["GET"]}}],"collection":[{"href":"https:\/\/interpharma.ch\/fr\/wp-json\/wp\/v2\/pages"}],"about":[{"href":"https:\/\/interpharma.ch\/fr\/wp-json\/wp\/v2\/types\/page"}],"author":[{"embeddable":true,"href":"https:\/\/interpharma.ch\/fr\/wp-json\/wp\/v2\/users\/1"}],"replies":[{"embeddable":true,"href":"https:\/\/interpharma.ch\/fr\/wp-json\/wp\/v2\/comments?post=3958"}],"version-history":[{"count":1,"href":"https:\/\/interpharma.ch\/fr\/wp-json\/wp\/v2\/pages\/3958\/revisions"}],"predecessor-version":[{"id":3959,"href":"https:\/\/interpharma.ch\/fr\/wp-json\/wp\/v2\/pages\/3958\/revisions\/3959"}],"up":[{"embeddable":true,"href":"https:\/\/interpharma.ch\/fr\/wp-json\/wp\/v2\/pages\/4292"}],"wp:featuredmedia":[{"embeddable":true,"href":"https:\/\/interpharma.ch\/fr\/wp-json\/wp\/v2\/media\/14794"}],"wp:attachment":[{"href":"https:\/\/interpharma.ch\/fr\/wp-json\/wp\/v2\/media?parent=3958"}],"curies":[{"name":"wp","href":"https:\/\/api.w.org\/{rel}","templated":true}]}}